{"id":128,"date":"2022-07-04T11:12:15","date_gmt":"2022-07-04T11:12:15","guid":{"rendered":"https:\/\/waldkrankenhaus-gransee.2train.de\/?page_id=128"},"modified":"2022-07-04T11:13:32","modified_gmt":"2022-07-04T11:13:32","slug":"was-bedeutet-eigentlich-gemeinnuetzig-und-warum-sind-die-waldkliniken-gransee-eine-ggmbh","status":"publish","type":"page","link":"https:\/\/waldkliniken-auensee.2train.de\/?page_id=128","title":{"rendered":"Was bedeutet eigentlich gemeinn\u00fctzig \u2013 und warum sind die Waldkliniken Gransee eine gGmbH?"},"content":{"rendered":"\n<p>Die Waldkliniken Gransee sind getreu ihrem Motto \u201eGeballte Medizinkompeten\u201c auf s\u00e4mtliche Bereiche der \u00a0f\u00fcr\u00a0Chirurgie, Innere Medizin e und Intensivmedizin spezialisiert \u2013 operativ wie konservativ. Um unseren Patienten wieder zu mehr Lebensqualit\u00e4t zu verhelfen, setzen wir neben fachmedizinischer Kompetenz auf moderne Diagnose- und Therapieverfahren, sowohl station\u00e4r als auch ambulant. So weit, so gut, aber: Wir werden oft gefragt, ob sich wirklich jeder \u2013 ob privat oder gesetzlich krankenversichert \u2013 bei uns behandeln lassen kann. Unsere Antwort ist: ein klares Ja! Die Waldkliniken Gransee sind eine gemeinn\u00fctzige GmbH (gGmbH), das bedeutet unter anderem, dass jeder Patient bei uns willkommen ist, und das v\u00f6llig unabh\u00e4ngig davon, wo er oder sie versichert ist. Wie alle anderen Krankenh\u00e4user ben\u00f6tigen wir f\u00fcr eine station\u00e4re Aufnahme lediglich eine Einweisung oder \u00dcberweisung durch einen Haus- oder Facharzt. Aber was hat es mit der \u201eGemeinn\u00fctzigkeit\u201c eigentlich noch auf sich? Und was bedeutet in Abgrenzung dazu \u201efreigemeinn\u00fctzig\u201c und \u201eprivat\u201c? Hier ein Erkl\u00e4rungsversuch: Zun\u00e4chst einmal kann ein Krankenhaus grunds\u00e4tzlich und rein rechtlich betrachtet von einer nat\u00fcrlichen Person, also jedem Menschen, betrieben werden. In der Regel sind die Betreiber aber eher juristische Personen wie zum Beispiel eine GmbH.<\/p>\n\n\n\n<p><strong>Im Fokus eines gemeinn\u00fctzigen Krankenhauses steht stets das Gemeinwohl \u2013 gleichbedeutend mit dem Wohl des einzelnen Patienten.<\/strong><\/p>\n\n\n\n<p>Bei den gemeinn\u00fctzigen Tr\u00e4gern kann es sich um Vereine, Stiftungen oder juristische Person z. B. GmbH handeln, Im Fokus eines gemeinn\u00fctzigen oder freigemeinn\u00fctzigen Krankenhauses steht stets das Gemeinwohl \u2013 gleichbedeutend mit dem Wohl des einzelnen Patienten. Der Begriff \u201egemeinn\u00fctzig\u201c ist steuerrechtlich relevant, denn nur die in <a rel=\"noreferrer noopener\" href=\"https:\/\/www.gesetze-im-internet.de\/ao_1977\/__52.html\" data-type=\"URL\" data-id=\"https:\/\/www.gesetze-im-internet.de\/ao_1977\/__52.html\" target=\"_blank\">\u00a7 52 der Abgabenordnung<\/a> aufgez\u00e4hlten, der Allgemeinheit dienenden T\u00e4tigkeiten gelten als gemeinn\u00fctzig im steuerrechtlichen Sinn \u2013 es geht hier beispielsweise um die F\u00f6rderung im Gesundheitswesen. Die gemeinn\u00fctzige GmbH (gGmbH) ist von der K\u00f6rperschaftssteuer befreit. Im Gegenzug ist die gGmbH verpflichtet, die erwirtschafteten Mittel nur f\u00fcr gemeinn\u00fctzige Zwecke zu verwenden.<\/p>\n\n\n\n<p>Wir sind also eine gemeinn\u00fctzige Fachklinik \u2013 und handeln danach. Das erm\u00f6glicht uns eine Flexibilit\u00e4t, die wiederum Ihnen als Patient zugutekommt. Denn wir arbeiten nicht nur fachlich h\u00f6chst kompetent unter Einhaltung modernster Standards, sondern auch nach humanen, qualitativen und wirtschaftlichen Grunds\u00e4tzen \u2013 dazu geh\u00f6rt, dass wir unsere gesamten finanziellen und personellen Ressourcen zum Wohle unserer Patienten gezielt einsetzen k\u00f6nnen.<\/p>\n\n\n\n<h2 class=\"wp-block-heading\">KOOPERATIONSGEMEINSCHAFT FREIE KLINIKEN LAND BRANDENBURG<\/h2>\n\n\n\n<p>Die Waldkliniken Gransee sind Gr\u00fcndungsmitglied der\u00a0Kooperationsgemeinschaft Freie Kliniken Land Brandenburg, zu der sich vier gemeinn\u00fctzigen Krankenh\u00e4user aus dem land Brandenburg im Jahr 2005 zusammengetan haben. Ziel dieser Kooperation ist es, die medizinischen und pflegerischen Angebote f\u00fcr die Patienten getreu dem Motto \u201evierfach umsorgt\u201c kontinuierlich zu verbessern. Nahezu jedes Krankheitsbild kann innerhalb der Kooperationsgemeinschaft kompetent behandelt werden, denn bei Bedarf werden klinik- und disziplin\u00fcbergreifend unterschiedliche Spezialisten bei der Diagnose oder Therapie konsultiert.<\/p>\n","protected":false},"excerpt":{"rendered":"<p>Die Waldkliniken Gransee sind getreu ihrem Motto \u201eGeballte Medizinkompeten\u201c auf s\u00e4mtliche Bereiche der \u00a0f\u00fcr\u00a0Chirurgie, Innere Medizin e und Intensivmedizin spezialisiert \u2013 operativ wie konservativ. Um unseren Patienten wieder zu mehr Lebensqualit\u00e4t zu verhelfen, setzen wir neben fachmedizinischer Kompetenz auf moderne &hellip; <a href=\"https:\/\/waldkliniken-auensee.2train.de\/?page_id=128\">Weiterlesen <span class=\"meta-nav\">&rarr;<\/span><\/a><\/p>\n","protected":false},"author":2,"featured_media":0,"parent":4,"menu_order":0,"comment_status":"closed","ping_status":"closed","template":"","meta":{"footnotes":""},"class_list":["post-128","page","type-page","status-publish","hentry"],"_links":{"self":[{"href":"https:\/\/waldkliniken-auensee.2train.de\/index.php?rest_route=\/wp\/v2\/pages\/128","targetHints":{"allow":["GET"]}}],"collection":[{"href":"https:\/\/waldkliniken-auensee.2train.de\/index.php?rest_route=\/wp\/v2\/pages"}],"about":[{"href":"https:\/\/waldkliniken-auensee.2train.de\/index.php?rest_route=\/wp\/v2\/types\/page"}],"author":[{"embeddable":true,"href":"https:\/\/waldkliniken-auensee.2train.de\/index.php?rest_route=\/wp\/v2\/users\/2"}],"replies":[{"embeddable":true,"href":"https:\/\/waldkliniken-auensee.2train.de\/index.php?rest_route=%2Fwp%2Fv2%2Fcomments&post=128"}],"version-history":[{"count":2,"href":"https:\/\/waldkliniken-auensee.2train.de\/index.php?rest_route=\/wp\/v2\/pages\/128\/revisions"}],"predecessor-version":[{"id":130,"href":"https:\/\/waldkliniken-auensee.2train.de\/index.php?rest_route=\/wp\/v2\/pages\/128\/revisions\/130"}],"up":[{"embeddable":true,"href":"https:\/\/waldkliniken-auensee.2train.de\/index.php?rest_route=\/wp\/v2\/pages\/4"}],"wp:attachment":[{"href":"https:\/\/waldkliniken-auensee.2train.de\/index.php?rest_route=%2Fwp%2Fv2%2Fmedia&parent=128"}],"curies":[{"name":"wp","href":"https:\/\/api.w.org\/{rel}","templated":true}]}}