{"id":277,"date":"2022-08-11T06:31:27","date_gmt":"2022-08-11T06:31:27","guid":{"rendered":"https:\/\/waldkliniken-gransee.2train.de\/?page_id=277"},"modified":"2023-11-09T10:36:46","modified_gmt":"2023-11-09T10:36:46","slug":"innenfinanzierung","status":"publish","type":"page","link":"https:\/\/waldkliniken-auensee.2train.de\/?page_id=277","title":{"rendered":"Innenfinanzierung"},"content":{"rendered":"\n<p>Die Innenfinanzierung umfasst verschiedene Formen der Unternehmensfinanzierung. Sie stellt bei der Frage nach der Herkunft der Finanzmittel das Gegenst\u00fcck zur\u00a0<a href=\"https:\/\/waldkliniken-auensee.2train.de\/?page_id=274\" data-type=\"page\" data-id=\"274\" target=\"_blank\" rel=\"noreferrer noopener\">Au\u00dfenfinanzierung\u00a0<\/a>dar. Die verschiedenen Formen der Innenfinanzierung werden weiter in Eigen- und Fremdfinanzierung unterteilt.<\/p>\n\n\n\n<figure class=\"wp-block-image size-large\"><a href=\"https:\/\/waldkliniken-auensee.2train.de\/wp-content\/uploads\/2022\/08\/csm_abc-finanzierungsgrafik-innenfinanzierung_0bb7f8eb6b.jpg\" target=\"_blank\" rel=\"noreferrer noopener\"><img loading=\"lazy\" decoding=\"async\" width=\"1024\" height=\"576\" src=\"https:\/\/waldkliniken-gransee.2train.de\/wp-content\/uploads\/2022\/08\/csm_abc-finanzierungsgrafik-innenfinanzierung_0bb7f8eb6b-1024x576.jpg\" alt=\"\" class=\"wp-image-278\" title=\"innenfinanzierung\" srcset=\"https:\/\/waldkliniken-auensee.2train.de\/wp-content\/uploads\/2022\/08\/csm_abc-finanzierungsgrafik-innenfinanzierung_0bb7f8eb6b-1024x576.jpg 1024w, https:\/\/waldkliniken-auensee.2train.de\/wp-content\/uploads\/2022\/08\/csm_abc-finanzierungsgrafik-innenfinanzierung_0bb7f8eb6b-300x169.jpg 300w, https:\/\/waldkliniken-auensee.2train.de\/wp-content\/uploads\/2022\/08\/csm_abc-finanzierungsgrafik-innenfinanzierung_0bb7f8eb6b-768x432.jpg 768w, https:\/\/waldkliniken-auensee.2train.de\/wp-content\/uploads\/2022\/08\/csm_abc-finanzierungsgrafik-innenfinanzierung_0bb7f8eb6b-500x281.jpg 500w, https:\/\/waldkliniken-auensee.2train.de\/wp-content\/uploads\/2022\/08\/csm_abc-finanzierungsgrafik-innenfinanzierung_0bb7f8eb6b.jpg 1240w\" sizes=\"auto, (max-width: 1024px) 100vw, 1024px\" \/><\/a><figcaption class=\"wp-element-caption\">zum Vergr\u00f6\u00dfern anklicken<\/figcaption><\/figure>\n\n\n\n<h2 class=\"wp-block-heading\">Definition: Was ist die Innenfinanzierung und wo liegen die Unterschiede zur Au\u00dfenfinanzierung?<\/h2>\n\n\n\n<p>Der Begriff Innenfinanzierung umfasst verschiedene\u00a0<a href=\"https:\/\/waldkliniken-auensee.2train.de\/?page_id=270\" data-type=\"page\" data-id=\"270\" target=\"_blank\" rel=\"noreferrer noopener\">Finanzierungsarten<\/a>, bei der die Mittel zur Finanzierung aus dem Unternehmen selbst und nicht von externen Kapitalgebern (z.B. Banken oder Aktion\u00e4re) stammen. Es wird also kein Geld von au\u00dfen zugef\u00fchrt, sondern Kapital, das intern bereits vorhanden ist, bereitgestellt.<\/p>\n\n\n\n<p>Die Innenfinanzierung kann beispielsweise durch das Einbehalten von Gewinnen oder der Bildung von R\u00fcckstellungen erfolgen. Dabei wird grunds\u00e4tzlich zwischen der Finanzierung durch Verm\u00f6genszuwachs und der Finanzierung durch Verm\u00f6gensumschichtung unterschieden:&nbsp;<\/p>\n\n\n\n<ul class=\"wp-block-list\">\n<li><strong>Verm\u00f6genszuwachs:<\/strong>&nbsp;durch neu gebildete Mittel&nbsp;<\/li>\n\n\n\n<li><strong>Verm\u00f6gensumschichtung:<\/strong>&nbsp;durch Aktivtausch<\/li>\n<\/ul>\n\n\n\n<p>Die Innenfinanzierung kann in Form einer\u00a0<a href=\"https:\/\/waldkliniken-auensee.2train.de\/?page_id=265\" data-type=\"page\" data-id=\"265\" target=\"_blank\" rel=\"noreferrer noopener\">Fremdfinanzierung\u00a0<\/a>(Kapital wird dem Fremdkapital zugeschrieben) oder einer\u00a0<a href=\"https:\/\/waldkliniken-auensee.2train.de\/?page_id=262\" data-type=\"page\" data-id=\"262\" target=\"_blank\" rel=\"noreferrer noopener\">Eigenfinanzierung\u00a0<\/a>(Kapital wird dem Eigenkapital zugeschrieben) erfolgen.<\/p>\n\n\n\n<h2 class=\"wp-block-heading\"><br>Die Formen der Innenfinanzierung als Eigen- oder Fremdfinanzierung<\/h2>\n\n\n\n<p>Um das Prinzip hinter der Innenfinanzierung zu verstehen, ist es hilfreich, einen Blick auf die verschiedenen Formen dieser Finanzierungsart zu werfen.<\/p>\n\n\n\n<figure class=\"wp-block-table\"><table><tbody><tr><td>&nbsp;<\/td><td><strong>Innenfinanzierung<\/strong><\/td><\/tr><tr><td><strong>Eigenfinanzierung<\/strong><\/td><td>Selbstfinanzierung aus GewinnenFinanzierung aus AbschreibungenFinanzierung aus Verm\u00f6gensumschichtungen<\/td><\/tr><tr><td><strong>Fremdfinanzierung<\/strong><\/td><td>Finanzierung aus R\u00fcckstellungen<\/td><\/tr><\/tbody><\/table><\/figure>\n\n\n\n<h3 class=\"wp-block-heading\"><br>Innenfinanzierung: Selbstfinanzierung aus Gewinnen<\/h3>\n\n\n\n<p>Bei der\u00a0<a href=\"https:\/\/waldkliniken-auensee.2train.de\/?page_id=280\" data-type=\"page\" data-id=\"280\" target=\"_blank\" rel=\"noreferrer noopener\">Selbstfinanzierung\u00a0<\/a>(auch Gewinnthesaurierung genannt) werden vom Unternehmen erzielte Gewinne nicht ausgesch\u00fcttet, sondern als zus\u00e4tzliches Eigenkapital oder stille R\u00fccklagen genutzt.<\/p>\n\n\n\n<h3 class=\"wp-block-heading\"><br>Innenfinanzierung aus Abschreibungen<\/h3>\n\n\n\n<p>Die Finanzierung aus Abschreibungsgegenwerten ist eine bekannte Form der Innenfinanzierung. Sie beeinflusst die Gewinn- und Verlustrechnung eines Unternehmens, nicht aber die liquiden Mittel, da die Anschaffung des Objekts und damit verbundene Zahlungen in einer fr\u00fcheren Bilanzperiode erfolgten. Dadurch k\u00f6nnen die Abschreibungsbetr\u00e4ge zwischenzeitlich als Finanzierungsmittel genutzt werden.<\/p>\n\n\n\n<h3 class=\"wp-block-heading\"><br>Innenfinanzierung: Finanzierung aus R\u00fcckstellungen<\/h3>\n\n\n\n<p>\u00c4hnlich verh\u00e4lt es sich bei der Finanzierung aus R\u00fcckstellungen. Auch hier gibt es eine zeitliche Differenz zwischen Ursache (theoretische Belastung) und Wirkung (Geldabfluss). R\u00fcckstellungen werden beispielweise f\u00fcr zu erwartende Pensionsverpflichtungen oder Prozesskosten gebildet. Bis zur tats\u00e4chlichen Inanspruchnahme k\u00f6nnen die R\u00fcckstellungen zur Unternehmensfinanzierung genutzt werden.<\/p>\n\n\n\n<h2 class=\"wp-block-heading\"><br>Was sind Vorteile und Nachteile der Innenfinanzierung?<\/h2>\n\n\n\n<h3 class=\"wp-block-heading\">Vorteile der Innenfinanzierung:&nbsp;<\/h3>\n\n\n\n<ul class=\"wp-block-list\">\n<li><strong>Unabh\u00e4ngigkeit<\/strong>: Da die Innenfinanzierung aus dem Unternehmen heraus bewerkstellig wird, besteht keine Abh\u00e4ngigkeit zu externen Kapitalgebern.<\/li>\n\n\n\n<li><strong>Kosten:<\/strong>&nbsp;Durch die Innenfinanzierung werden in der Regel Kosten, wie beispielsweise Provisionen, Zinsen oder Geb\u00fchren vermieden.<\/li>\n\n\n\n<li><strong>Aufwand:<\/strong>&nbsp;Der Durchf\u00fchrungsaufwand f\u00fcr Formen der Innenfinanzierung sind vergleichsweise gering.<br>&nbsp;<\/li>\n<\/ul>\n\n\n\n<h3 class=\"wp-block-heading\">Nachteile der Innenfinanzierung:<\/h3>\n\n\n\n<ul class=\"wp-block-list\">\n<li><strong>Planbarkeit:<\/strong>&nbsp;Die M\u00f6glichkeiten und H\u00f6he der Innenfinanzierung sind nur bedingt plan- und steuerbar und beispielsweise stark vom Erfolg des Unternehmens abh\u00e4ngig.&nbsp;<\/li>\n\n\n\n<li><strong>Regelungen:<\/strong>&nbsp;Durch diverse rechtliche Regelungen (beispielsweise bez\u00fcglich Abschreibungen oder R\u00fcckstellungen) sind die Handlungsspielr\u00e4ume der Innenfinanzierung begrenzt.<\/li>\n<\/ul>\n\n\n\n<h2 class=\"wp-block-heading\">Fazit Innenfinanzierung: Zus\u00e4tzliche Finanzmittel aus eigener Hand<\/h2>\n\n\n\n<p>Die Innenfinanzierung ist eine Finanzierungsmethode aus eigener Kraft, was diverse Vorteile aber auch Einschr\u00e4nkungen bietet. Dabei wird \u201efrisches Kapital\u201c aus dem betrieblichen Kreislauf gewonnen oder umgeschichtet \u2013 vorausgesetzt das Unternehmen hat die entsprechenden finanziellen M\u00f6glichkeiten. Insbesondere f\u00fcr junge Unternehmen bietet sich diese Option daher h\u00e4ufig nicht an. Ist jedoch genug Innenfinanzierungskraft vorhanden, vermeiden Unternehmen durch diese Finanzierungsart den Einfluss von externen Kapitalgebern.<\/p>\n","protected":false},"excerpt":{"rendered":"<p>Die Innenfinanzierung umfasst verschiedene Formen der Unternehmensfinanzierung. Sie stellt bei der Frage nach der Herkunft der Finanzmittel das Gegenst\u00fcck zur\u00a0Au\u00dfenfinanzierung\u00a0dar. Die verschiedenen Formen der Innenfinanzierung werden weiter in Eigen- und Fremdfinanzierung unterteilt. Definition: Was ist die Innenfinanzierung und wo liegen &hellip; <a href=\"https:\/\/waldkliniken-auensee.2train.de\/?page_id=277\">Weiterlesen <span class=\"meta-nav\">&rarr;<\/span><\/a><\/p>\n","protected":false},"author":1,"featured_media":0,"parent":270,"menu_order":0,"comment_status":"closed","ping_status":"closed","template":"","meta":{"footnotes":""},"class_list":["post-277","page","type-page","status-publish","hentry"],"_links":{"self":[{"href":"https:\/\/waldkliniken-auensee.2train.de\/index.php?rest_route=\/wp\/v2\/pages\/277","targetHints":{"allow":["GET"]}}],"collection":[{"href":"https:\/\/waldkliniken-auensee.2train.de\/index.php?rest_route=\/wp\/v2\/pages"}],"about":[{"href":"https:\/\/waldkliniken-auensee.2train.de\/index.php?rest_route=\/wp\/v2\/types\/page"}],"author":[{"embeddable":true,"href":"https:\/\/waldkliniken-auensee.2train.de\/index.php?rest_route=\/wp\/v2\/users\/1"}],"replies":[{"embeddable":true,"href":"https:\/\/waldkliniken-auensee.2train.de\/index.php?rest_route=%2Fwp%2Fv2%2Fcomments&post=277"}],"version-history":[{"count":5,"href":"https:\/\/waldkliniken-auensee.2train.de\/index.php?rest_route=\/wp\/v2\/pages\/277\/revisions"}],"predecessor-version":[{"id":394,"href":"https:\/\/waldkliniken-auensee.2train.de\/index.php?rest_route=\/wp\/v2\/pages\/277\/revisions\/394"}],"up":[{"embeddable":true,"href":"https:\/\/waldkliniken-auensee.2train.de\/index.php?rest_route=\/wp\/v2\/pages\/270"}],"wp:attachment":[{"href":"https:\/\/waldkliniken-auensee.2train.de\/index.php?rest_route=%2Fwp%2Fv2%2Fmedia&parent=277"}],"curies":[{"name":"wp","href":"https:\/\/api.w.org\/{rel}","templated":true}]}}