{"id":304,"date":"2022-08-11T07:20:53","date_gmt":"2022-08-11T07:20:53","guid":{"rendered":"https:\/\/waldkliniken-gransee.2train.de\/?page_id=304"},"modified":"2023-11-09T10:43:43","modified_gmt":"2023-11-09T10:43:43","slug":"sonderformen-der-finanzierung-im-gesundheitswesen","status":"publish","type":"page","link":"https:\/\/waldkliniken-auensee.2train.de\/?page_id=304","title":{"rendered":"Sonderformen der Finanzierung im Gesundheitswesen"},"content":{"rendered":"\n<h2 class=\"wp-block-heading\">Fundraising im Gesundheitswesen \u2013 mehr als nur Spendensammlung<\/h2>\n\n\n\n<p>Unter Fundraising versteht man die <em>systematische Analyse, Planung, Durchf\u00fchrung und Kontrolle<\/em> s\u00e4mtlicher Aktivit\u00e4ten die darauf abzielen, ben\u00f6tigten Ressourcen (Geld-, Sach- und Dienstleistungen) durch eine konsequente Ausrichtung an den Bed\u00fcrfnissen der Ressourcenbereitsteller (Privatpersonen, Unternehmen, Stiftungen, \u00f6ffentliche Institutionen) zu m\u00f6glichst geringen Kosten zu beschaffen.<\/p>\n\n\n\n<p>Der Begriff \u201eFundraising\u201c leitet sich aus dem englischen Wort \u201efund\u201c (= Mittel, Kapital) und dem Verb \u201eto raise\u201c (= etwas aufbringen)<a href=\"#_ftn1\" id=\"_ftnref1\"><strong>[1]<\/strong><\/a> ab.<\/p>\n\n\n\n<p>Der Begriff Fundraising geht also \u00fcber die reine Spendenbeschaffung hinaus, weil es hier nicht nur um Kapital in Form von Geldspenden, sondern auch andere Ressourcen geht.<\/p>\n\n\n\n<p>So ist es f\u00fcr eine Organisation nicht nur interessant durch Fundraising Geldbetr\u00e4ge, die f\u00fcr die Bezahlung der ben\u00f6tigten Sach- und Dienstleistungen ben\u00f6tigt werden, einzuwerben, sondern solche Leistungen auch direkt zu bekommen. Interessant ist diese direkte Form der Unterst\u00fctzung, die im Englischen auch \u201eNon-cash Assistance\u201c genannt wird, vor allem f\u00fcr Unternehmen, f\u00fcr die seine eigenen Sach- und\/oder Dienstleistungen wesentlich g\u00fcnstiger sind, als der entsprechende Gegenwert in Geldform. Schlie\u00dflich liegen die Unternehmenskosten f\u00fcr eine eigene Sach- und\/oder Dienstleistung in der Regel weit unter dessen Verkaufswert.<\/p>\n\n\n\n<p>In Kliniken wird eine breite Klaviatur an Fundraising-Instrumenten eingesetzt. In der Reihenfolge ihrer Wichtigkeit sind dies: Neben den <strong>Basismaterialien<\/strong> ist das am meisten Erfolg versprechende Instrument das <strong>Mailing<\/strong> an existierende und potenzielle Spender. Viele Kliniken gr\u00fcnden zudem <strong>F\u00f6rderstiftungen<\/strong>. Diese sind steuerlich f\u00fcr Gro\u00dfspender und Testamentsspender attraktiv, zugleich haben sie ein exklusiveres Image als F\u00f6rdervereine und sind damit f\u00fcr die Bindung von Gro\u00dfspendern wichtig. Weiterhin wird <strong>Erbschaftsmarketing<\/strong> eingesetzt. Danach folgen die Akquise von privaten <strong>Gro\u00dfspendern<\/strong> sowie von <strong>Unternehmen<\/strong> als Unterst\u00fctzer.<\/p>\n\n\n\n<p>Eine weitere wichtige Einnahmequelle ist die Antragstellung auf F\u00f6rderung bei <strong>externen Stiftungen<\/strong>. Die meisten Organisationen haben bereits <strong>Benefizveranstaltungen<\/strong> zum Spenden-Sammeln durchgef\u00fchrt. Bu\u00dfgeldmarketing, Sammlungen und Mitarbeiter-Spenden werden von den Kliniken nur vereinzelt durchgef\u00fchrt. Eine Sonderstellung nehmen Capital Campaigns ein: sie werden von den meisten Klinik-Fundraisern als sehr wichtig erachtet, bisher wurden aber nur wenige Kampagnen im Bereich Gesundheitswesen in Deutschland durchgef\u00fchrt.<\/p>\n\n\n\n<h2 class=\"wp-block-heading\">Public Private Partnership<\/h2>\n\n\n\n<p>Eine <strong>\u00f6ffentlich-private Partnerschaft (\u00d6PP) <\/strong>oder (als Fremdwort aus dem Englischen) <strong>Public-private-Partnership (PPP) <\/strong>ist eine vertraglich geregelte Zusammenarbeit zwischen \u00f6ffentlicher Hand und Unternehmen der Privatwirtschaft in einer Zweckgesellschaft. Ziel von \u00d6PP ist die Arbeitsteilung, wobei der private Partner die Verantwortung zur effizienten Erstellung der Leistung \u00fcbernimmt, w\u00e4hrend die \u00f6ffentliche Hand daf\u00fcr Sorge tr\u00e4gt, dass gemeinwohlorientierte Ziele beachtet werden. Die \u00f6ffentliche Hand erwartet von der Partnerschaft mit der privaten Wirtschaft die Entlastung der angespannten \u00f6ffentlichen Haushalte, da der private Unternehmer die Finanzierung ganz oder teilweise selbst besorgt und daher auf die Wirtschaftlichkeit des Projektes achten muss. \u00d6PP ist in der Regel einem Miet- oder Pachtvertragsverh\u00e4ltnis \u00e4hnlich.<\/p>\n\n\n\n<p>\u00d6ffentlich-private Partnerschaften sind in der Regel langfristig und beziehen gro\u00dfe Unternehmen aus der Privatwirtschaft mit ein. Meist in Verbindung mit riesigen Infrastrukturprojekten wird dieses Finanzierungsmodell vermehrt angewendet. Als Verkaufsargument gilt, den \u00f6ffentlichen Auftraggeber zu entlasten, indem der private Partner einerseits die Finanzierung \u00fcbernimmt und ihm andererseits s\u00e4mtliche Risiken abnimmt. Dieser bezahlt mit seinem Geld \u00f6ffentliche Aufgaben wie Schulsanierungen oder den Bau von Autobahnen und kassiert daf\u00fcr Miete oder Maut. In Wahrheit ein cleveres Gesch\u00e4ft, vorausgesetzt auf den privaten Partner ist Verlass.<\/p>\n\n\n\n<p>Eines der ersten L\u00e4nder, die die beworbenen Vorteile des modernen PPP-Modells f\u00fcr sich nutzen wollte, war 1992 das Vereinigte K\u00f6nigreich zur notwendigen Errichtung von Krankenh\u00e4usern.<\/p>\n\n\n\n<p>Die erhofften Vorteile von PPP-Projekten:<\/p>\n\n\n\n<ul class=\"wp-block-list\">\n<li>Realisierung von Gro\u00dfprojekten, ohne die \u00f6ffentlichen Schulden erh\u00f6hen oder die Steuern anheben zu m\u00fcssen.<\/li>\n\n\n\n<li>Betriebs- und Projektumsetzungsrisiken werden von der Regierung auf den privaten Teilnehmer \u00fcbertragen, welcher in der Regel mehr Erfahrung in der Kostend\u00e4mpfung hat.<\/li>\n\n\n\n<li>Der ROI ist h\u00f6her als bei Projekten aus rein staatlicher oder rein privater Initiative.<\/li>\n\n\n\n<li>Schnellere Projektabschl\u00fcsse und weniger Nachtragskosten aus Eigeninteresse des privaten Partners an einem positiven Projektabschluss.<\/li>\n\n\n\n<li>Innovative Design- und Finanzierungsans\u00e4tze werden verf\u00fcgbar, wenn beide Einheiten zusammenarbeiten.<\/li>\n\n\n\n<li>Die effizientere Projektabwicklung entlastet das \u00f6ffentliche Haushaltsbudget. Staatliche Mittel k\u00f6nnen somit in andere wichtige sozio\u00f6konomische Bereiche umgeleitet werden.<\/li>\n<\/ul>\n\n\n\n<hr class=\"wp-block-separator has-alpha-channel-opacity\"\/>\n\n\n\n<p><a id=\"_ftn1\" href=\"#_ftnref1\">[1]<\/a> Ja, auch der Begriff etwas oder jemanden &#8222;aufrei\u00dfen&#8220; leitet sich daher ab \ud83d\ude42<\/p>\n","protected":false},"excerpt":{"rendered":"<p>Fundraising im Gesundheitswesen \u2013 mehr als nur Spendensammlung Unter Fundraising versteht man die systematische Analyse, Planung, Durchf\u00fchrung und Kontrolle s\u00e4mtlicher Aktivit\u00e4ten die darauf abzielen, ben\u00f6tigten Ressourcen (Geld-, Sach- und Dienstleistungen) durch eine konsequente Ausrichtung an den Bed\u00fcrfnissen der Ressourcenbereitsteller (Privatpersonen, &hellip; <a href=\"https:\/\/waldkliniken-auensee.2train.de\/?page_id=304\">Weiterlesen <span class=\"meta-nav\">&rarr;<\/span><\/a><\/p>\n","protected":false},"author":1,"featured_media":0,"parent":0,"menu_order":0,"comment_status":"closed","ping_status":"closed","template":"","meta":{"footnotes":""},"class_list":["post-304","page","type-page","status-publish","hentry"],"_links":{"self":[{"href":"https:\/\/waldkliniken-auensee.2train.de\/index.php?rest_route=\/wp\/v2\/pages\/304","targetHints":{"allow":["GET"]}}],"collection":[{"href":"https:\/\/waldkliniken-auensee.2train.de\/index.php?rest_route=\/wp\/v2\/pages"}],"about":[{"href":"https:\/\/waldkliniken-auensee.2train.de\/index.php?rest_route=\/wp\/v2\/types\/page"}],"author":[{"embeddable":true,"href":"https:\/\/waldkliniken-auensee.2train.de\/index.php?rest_route=\/wp\/v2\/users\/1"}],"replies":[{"embeddable":true,"href":"https:\/\/waldkliniken-auensee.2train.de\/index.php?rest_route=%2Fwp%2Fv2%2Fcomments&post=304"}],"version-history":[{"count":3,"href":"https:\/\/waldkliniken-auensee.2train.de\/index.php?rest_route=\/wp\/v2\/pages\/304\/revisions"}],"predecessor-version":[{"id":401,"href":"https:\/\/waldkliniken-auensee.2train.de\/index.php?rest_route=\/wp\/v2\/pages\/304\/revisions\/401"}],"wp:attachment":[{"href":"https:\/\/waldkliniken-auensee.2train.de\/index.php?rest_route=%2Fwp%2Fv2%2Fmedia&parent=304"}],"curies":[{"name":"wp","href":"https:\/\/api.w.org\/{rel}","templated":true}]}}