{"id":4,"date":"2022-05-18T10:23:29","date_gmt":"2022-05-18T10:23:29","guid":{"rendered":"https:\/\/waldkrankenhaus-gransee.2train.de\/?page_id=4"},"modified":"2023-07-07T11:00:54","modified_gmt":"2023-07-07T11:00:54","slug":"klinikprofil","status":"publish","type":"page","link":"https:\/\/waldkliniken-auensee.2train.de\/?page_id=4","title":{"rendered":"Klinikprofil"},"content":{"rendered":"\n<p>Im Norden des Landkreises Sonnenland gelegen (<a href=\"https:\/\/gemeinde.auensee.org\/\">Auensee <\/a>ist in circa 90 Minuten mit dem Auto oder der Regionalbahn vom Berliner Zentrum aus zu erreichen.), leisten die Waldkliniken Auenseeeinen wichtigen Beitrag zur Sicherung der medizinischen Versorgung in der Region.<\/p>\n\n\n\n<p>Die drei breit gef\u00e4cherten Abteilungen mit 68&nbsp;Betten, die <a href=\"https:\/\/waldkliniken-gransee.2train.de\/?page_id=33\" data-type=\"page\" data-id=\"33\">Tagesklinik f\u00fcr psychische Erkrankungen<\/a> mit 18 und die <a href=\"https:\/\/waldkliniken-gransee.2train.de\/?page_id=63\" data-type=\"page\" data-id=\"63\">Tagesklinik Geriatrie<\/a> mit 10 Pl\u00e4tzen gew\u00e4hrleisten eine kompetente Grundversorgung in Wohnortn\u00e4he.&nbsp;&nbsp;&nbsp;<\/p>\n\n\n\n<p>In der Klinik Gransee gibt es Fachabteilungen f\u00fcr <a href=\"https:\/\/waldkliniken-gransee.2train.de\/?page_id=89\" data-type=\"page\" data-id=\"89\">Chirurgie<\/a>, f\u00fcr Innere Medizin und f\u00fcr An\u00e4sthesiologie und Intensivmedizin sowie eine Rettungsstelle. Die Mediziner der chirurgischen Abteilung verf\u00fcgen \u00fcber einen gro\u00dfen Erfahrungsschatz auf den Gebieten der Orthop\u00e4die, Traumatologie und Visceralchirurgie (Chirurgie des Bauchraumes).<\/p>\n\n\n\n<p>Das diagnostische und therapeutische Handeln in der Abteilung f\u00fcr Innere Medizin ist neben der Behandlung akuter internistischer Erkrankungen auf die Therapie chronischer Herz-, Gef\u00e4\u00df- und Lungenerkrankungen ausgerichtet. Das Leistungsspektrum bez\u00fcglich Herz-Kreislauf-Erkrankungen wurde in den vergangenen Jahren ausgebaut, sodass hier unter anderem Implantationen von Herzschrittmachern vorgenommen werden k\u00f6nnen.<\/p>\n\n\n\n<p>Das Krankenhaus <a href=\"https:\/\/www.gransee.de\/\" data-type=\"URL\" data-id=\"https:\/\/www.gransee.de\/\">Gransee<\/a> wurde im Jahr 2011 um eine <a href=\"https:\/\/waldkliniken-gransee.2train.de\/?page_id=46\" data-type=\"page\" data-id=\"46\">Tagesklinik f\u00fcr psychische Erkrankungen<\/a> erweitert worden, in der die Patienten tags\u00fcber diverse Therapieformen wie Psychotherapie, Ergotherapie oder Kunsttherapie wahrnehmen k\u00f6nnen. Ein Jahr sp\u00e4ter, 2012, war die Er\u00f6ffnung der <a href=\"https:\/\/waldkliniken-gransee.2train.de\/?page_id=63\" data-type=\"page\" data-id=\"63\">Tagesklinik Geriatrie<\/a>, die ein breites Spektrum an Diagnose- und Therapiem\u00f6glichkeiten zu bieten hat. Dort k\u00f6nnen mehrfach erkrankte Patienten versorgt werden, ohne auf ihre h\u00e4usliche Umgebung verzichten zu m\u00fcssen.<\/p>\n\n\n\n<p>In den Waldkliniken Gransee werden die Patienten in einer famili\u00e4ren Atmosph\u00e4re rundum versorgt. Qualifiziertes Fachpersonal k\u00fcmmert sich um ihre rasche Genesung und ist ihnen in jeder Situation ein kompetenter Ansprechpartner.<\/p>\n\n\n\n<figure class=\"wp-block-image size-large\"><img loading=\"lazy\" decoding=\"async\" width=\"1024\" height=\"768\" src=\"https:\/\/waldkliniken-gransee.2train.de\/wp-content\/uploads\/2022\/07\/20220618_132714-1024x768.jpg\" alt=\"\" class=\"wp-image-219\" title=\"\" srcset=\"https:\/\/waldkliniken-auensee.2train.de\/wp-content\/uploads\/2022\/07\/20220618_132714-1024x768.jpg 1024w, https:\/\/waldkliniken-auensee.2train.de\/wp-content\/uploads\/2022\/07\/20220618_132714-300x225.jpg 300w, https:\/\/waldkliniken-auensee.2train.de\/wp-content\/uploads\/2022\/07\/20220618_132714-768x576.jpg 768w, https:\/\/waldkliniken-auensee.2train.de\/wp-content\/uploads\/2022\/07\/20220618_132714-1536x1152.jpg 1536w, https:\/\/waldkliniken-auensee.2train.de\/wp-content\/uploads\/2022\/07\/20220618_132714-2048x1536.jpg 2048w, https:\/\/waldkliniken-auensee.2train.de\/wp-content\/uploads\/2022\/07\/20220618_132714-400x300.jpg 400w\" sizes=\"auto, (max-width: 1024px) 100vw, 1024px\" \/><figcaption class=\"wp-element-caption\">Au\u00dfenansicht Waldkliniken Gransee<\/figcaption><\/figure>\n\n\n\n<h4 class=\"wp-block-heading\"><a href=\"https:\/\/waldkliniken-gransee.2train.de\/?page_id=83\" data-type=\"page\" data-id=\"83\">Medizinisches Versorgungszentrum (MVZ) an der Klinik Gransee<\/a><\/h4>\n\n\n\n<p>Mit dem Medizinischen Versorgungszentrum (MVZ) Gransee ist die ambulante Versorgung in unmittelbarer Klinikn\u00e4he gew\u00e4hrleistet. Von den kurzen Wegen zwischen Arztpraxen und Klinik sowie von modernster Technologie in der Klinik profitieren Patienten und \u00c4rzte gleicherma\u00dfen. Im Medizinischen Versorgungszentrum Gransee befinden sich Arztpraxen f\u00fcr Allgemeinmedizin, Chirurgie&nbsp;und Gef\u00e4\u00dfchirurgie, Gyn\u00e4kologie und Naturheilverfahren, Neurologie und Psychiatrie sowie Radiologie.<\/p>\n\n\n\n<p>(letzte Aktualisierung: 18.05.2022 )<\/p>\n\n\n\n<p><\/p>\n","protected":false},"excerpt":{"rendered":"<p>Im Norden des Landkreises Sonnenland gelegen (Auensee ist in circa 90 Minuten mit dem Auto oder der Regionalbahn vom Berliner Zentrum aus zu erreichen.), leisten die Waldkliniken Auenseeeinen wichtigen Beitrag zur Sicherung der medizinischen Versorgung in der Region. Die drei &hellip; <a href=\"https:\/\/waldkliniken-auensee.2train.de\/?page_id=4\">Weiterlesen <span class=\"meta-nav\">&rarr;<\/span><\/a><\/p>\n","protected":false},"author":2,"featured_media":0,"parent":0,"menu_order":0,"comment_status":"closed","ping_status":"closed","template":"templates\/template-full-width.php","meta":{"footnotes":""},"class_list":["post-4","page","type-page","status-publish","hentry"],"_links":{"self":[{"href":"https:\/\/waldkliniken-auensee.2train.de\/index.php?rest_route=\/wp\/v2\/pages\/4","targetHints":{"allow":["GET"]}}],"collection":[{"href":"https:\/\/waldkliniken-auensee.2train.de\/index.php?rest_route=\/wp\/v2\/pages"}],"about":[{"href":"https:\/\/waldkliniken-auensee.2train.de\/index.php?rest_route=\/wp\/v2\/types\/page"}],"author":[{"embeddable":true,"href":"https:\/\/waldkliniken-auensee.2train.de\/index.php?rest_route=\/wp\/v2\/users\/2"}],"replies":[{"embeddable":true,"href":"https:\/\/waldkliniken-auensee.2train.de\/index.php?rest_route=%2Fwp%2Fv2%2Fcomments&post=4"}],"version-history":[{"count":16,"href":"https:\/\/waldkliniken-auensee.2train.de\/index.php?rest_route=\/wp\/v2\/pages\/4\/revisions"}],"predecessor-version":[{"id":372,"href":"https:\/\/waldkliniken-auensee.2train.de\/index.php?rest_route=\/wp\/v2\/pages\/4\/revisions\/372"}],"wp:attachment":[{"href":"https:\/\/waldkliniken-auensee.2train.de\/index.php?rest_route=%2Fwp%2Fv2%2Fmedia&parent=4"}],"curies":[{"name":"wp","href":"https:\/\/api.w.org\/{rel}","templated":true}]}}